{"id":3283,"date":"2026-04-14T18:58:12","date_gmt":"2026-04-14T10:58:12","guid":{"rendered":"https:\/\/explorer.company\/?page_id=3283"},"modified":"2026-04-14T21:56:15","modified_gmt":"2026-04-14T13:56:15","slug":"sprzet-kempingowy-mongolia","status":"publish","type":"page","link":"https:\/\/explorer.company\/pl\/sprzet-kempingowy-mongolia\/","title":{"rendered":"Camping in Mongolia with the best gear"},"content":{"rendered":"<h2 class=\"wp-block-heading\">Poznaj Mongoli\u0119 prywatnie | Nomadic Tours &amp; More<\/h2>\n\n\n\n<p>\u015aled\u017a <a href=\"https:\/\/explorer.company\/pl\/\">Odkrywca<\/a>. Dumni partnerzy z <a href=\"https:\/\/avis-mongolia.com\/\" target=\"_blank\" rel=\"noopener\">AVIS<\/a><\/p>","protected":false},"excerpt":{"rendered":"<p>Gotowy na wytyczenie w\u0142asnej \u015bcie\u017cki przez dzikie krajobrazy Mongolii? Nasze wycieczki z w\u0142asnym kierowc\u0105 po Mongolii pozwalaj\u0105 dos\u0142ownie zasi\u0105\u015b\u0107 za kierownic\u0105. Dzi\u0119ki fachowo przygotowanym pojazdom 4 \u00d7 4, szczeg\u00f3\u0142owym trasom i lokalnemu wsparciu, Explorer Company pomaga do\u015bwiadczy\u0107 surowego pi\u0119kna Mongolii i bogatego dziedzictwa nomad\u00f3w we w\u0142asnym tempie.<\/p>","protected":false},"author":3,"featured_media":1484,"parent":0,"menu_order":0,"comment_status":"closed","ping_status":"closed","template":"","meta":{"_acf_changed":false,"footnotes":""},"class_list":["post-3283","page","type-page","status-publish","has-post-thumbnail","hentry"],"acf":[],"_links":{"self":[{"href":"https:\/\/explorer.company\/pl\/wp-json\/wp\/v2\/pages\/3283","targetHints":{"allow":["GET"]}}],"collection":[{"href":"https:\/\/explorer.company\/pl\/wp-json\/wp\/v2\/pages"}],"about":[{"href":"https:\/\/explorer.company\/pl\/wp-json\/wp\/v2\/types\/page"}],"author":[{"embeddable":true,"href":"https:\/\/explorer.company\/pl\/wp-json\/wp\/v2\/users\/3"}],"replies":[{"embeddable":true,"href":"https:\/\/explorer.company\/pl\/wp-json\/wp\/v2\/comments?post=3283"}],"version-history":[{"count":29,"href":"https:\/\/explorer.company\/pl\/wp-json\/wp\/v2\/pages\/3283\/revisions"}],"predecessor-version":[{"id":3316,"href":"https:\/\/explorer.company\/pl\/wp-json\/wp\/v2\/pages\/3283\/revisions\/3316"}],"wp:featuredmedia":[{"embeddable":true,"href":"https:\/\/explorer.company\/pl\/wp-json\/wp\/v2\/media\/1484"}],"wp:attachment":[{"href":"https:\/\/explorer.company\/pl\/wp-json\/wp\/v2\/media?parent=3283"}],"curies":[{"name":"wp","href":"https:\/\/api.w.org\/{rel}","templated":true}]}}