{"id":3239,"date":"2026-04-12T00:05:19","date_gmt":"2026-04-11T16:05:19","guid":{"rendered":"https:\/\/explorer.company\/?page_id=3239"},"modified":"2026-04-12T17:11:43","modified_gmt":"2026-04-12T09:11:43","slug":"twoj-prywatny-oboz-koncentracyjny","status":"publish","type":"page","link":"https:\/\/explorer.company\/pl\/twoj-prywatny-oboz-koncentracyjny\/","title":{"rendered":"Your private ger camp with a view"},"content":{"rendered":"<h2 class=\"wp-block-heading\">Poznaj Mongoli\u0119 prywatnie | Nomadic Tours &amp; More<\/h2>\n\n\n\n<p>\u015aled\u017a <a href=\"https:\/\/explorer.company\/pl\/\">Odkrywca<\/a>. Dumni partnerzy z <a href=\"https:\/\/avis-mongolia.com\/\" target=\"_blank\" rel=\"noopener\">AVIS<\/a><\/p>","protected":false},"excerpt":{"rendered":"<p>Gotowy na wytyczenie w\u0142asnej \u015bcie\u017cki przez dzikie krajobrazy Mongolii? Nasze wycieczki z w\u0142asnym kierowc\u0105 po Mongolii pozwalaj\u0105 dos\u0142ownie zasi\u0105\u015b\u0107 za kierownic\u0105. Dzi\u0119ki fachowo przygotowanym pojazdom 4 \u00d7 4, szczeg\u00f3\u0142owym trasom i lokalnemu wsparciu, Explorer Company pomaga do\u015bwiadczy\u0107 surowego pi\u0119kna Mongolii i bogatego dziedzictwa nomad\u00f3w we w\u0142asnym tempie.<\/p>","protected":false},"author":5,"featured_media":1484,"parent":0,"menu_order":0,"comment_status":"closed","ping_status":"closed","template":"","meta":{"_acf_changed":false,"footnotes":""},"class_list":["post-3239","page","type-page","status-publish","has-post-thumbnail","hentry"],"acf":[],"_links":{"self":[{"href":"https:\/\/explorer.company\/pl\/wp-json\/wp\/v2\/pages\/3239","targetHints":{"allow":["GET"]}}],"collection":[{"href":"https:\/\/explorer.company\/pl\/wp-json\/wp\/v2\/pages"}],"about":[{"href":"https:\/\/explorer.company\/pl\/wp-json\/wp\/v2\/types\/page"}],"author":[{"embeddable":true,"href":"https:\/\/explorer.company\/pl\/wp-json\/wp\/v2\/users\/5"}],"replies":[{"embeddable":true,"href":"https:\/\/explorer.company\/pl\/wp-json\/wp\/v2\/comments?post=3239"}],"version-history":[{"count":22,"href":"https:\/\/explorer.company\/pl\/wp-json\/wp\/v2\/pages\/3239\/revisions"}],"predecessor-version":[{"id":3278,"href":"https:\/\/explorer.company\/pl\/wp-json\/wp\/v2\/pages\/3239\/revisions\/3278"}],"wp:featuredmedia":[{"embeddable":true,"href":"https:\/\/explorer.company\/pl\/wp-json\/wp\/v2\/media\/1484"}],"wp:attachment":[{"href":"https:\/\/explorer.company\/pl\/wp-json\/wp\/v2\/media?parent=3239"}],"curies":[{"name":"wp","href":"https:\/\/api.w.org\/{rel}","templated":true}]}}