{"id":3283,"date":"2026-04-14T18:58:12","date_gmt":"2026-04-14T10:58:12","guid":{"rendered":"https:\/\/explorer.company\/?page_id=3283"},"modified":"2026-04-14T21:56:15","modified_gmt":"2026-04-14T13:56:15","slug":"mongolie-kampeeruitrusting","status":"publish","type":"page","link":"https:\/\/explorer.company\/nl\/mongolie-kampeeruitrusting\/","title":{"rendered":"Camping in Mongolia with the best gear"},"content":{"rendered":"<h2 class=\"wp-block-heading\">Verken Mongoli\u00eb Priv\u00e9 | Nomadische reizen &amp; Meer<\/h2>\n\n\n\n<p>Ik wil  volgen <a href=\"https:\/\/explorer.company\/nl\/\">Verkenner<\/a>. Trotse partners met <a href=\"https:\/\/avis-mongolia.com\/\" target=\"_blank\" rel=\"noopener\">AVIS<\/a><\/p>","protected":false},"excerpt":{"rendered":"<p>Klaar om je eigen pad te bepalen door de wilde landschappen van Mongoli\u00eb? Onze Mongoli\u00eb self drive tours zetten je in de bestuurdersstoel - letterlijk. Met deskundig geprepareerde 4\u00d74 voertuigen, gedetailleerde routes, en lokale ondersteuning, Explorer Company helpt u bij het ervaren van Mongoli\u00eb's rauwe schoonheid en rijke nomadische erfgoed in je eigen tempo.<\/p>","protected":false},"author":3,"featured_media":1484,"parent":0,"menu_order":0,"comment_status":"closed","ping_status":"closed","template":"","meta":{"_acf_changed":false,"footnotes":""},"class_list":["post-3283","page","type-page","status-publish","has-post-thumbnail","hentry"],"acf":[],"_links":{"self":[{"href":"https:\/\/explorer.company\/nl\/wp-json\/wp\/v2\/pages\/3283","targetHints":{"allow":["GET"]}}],"collection":[{"href":"https:\/\/explorer.company\/nl\/wp-json\/wp\/v2\/pages"}],"about":[{"href":"https:\/\/explorer.company\/nl\/wp-json\/wp\/v2\/types\/page"}],"author":[{"embeddable":true,"href":"https:\/\/explorer.company\/nl\/wp-json\/wp\/v2\/users\/3"}],"replies":[{"embeddable":true,"href":"https:\/\/explorer.company\/nl\/wp-json\/wp\/v2\/comments?post=3283"}],"version-history":[{"count":29,"href":"https:\/\/explorer.company\/nl\/wp-json\/wp\/v2\/pages\/3283\/revisions"}],"predecessor-version":[{"id":3316,"href":"https:\/\/explorer.company\/nl\/wp-json\/wp\/v2\/pages\/3283\/revisions\/3316"}],"wp:featuredmedia":[{"embeddable":true,"href":"https:\/\/explorer.company\/nl\/wp-json\/wp\/v2\/media\/1484"}],"wp:attachment":[{"href":"https:\/\/explorer.company\/nl\/wp-json\/wp\/v2\/media?parent=3283"}],"curies":[{"name":"wp","href":"https:\/\/api.w.org\/{rel}","templated":true}]}}