{"id":17,"date":"2024-07-01T13:18:18","date_gmt":"2024-07-01T05:18:18","guid":{"rendered":"https:\/\/explorer.company\/?page_id=17"},"modified":"2026-04-12T16:56:10","modified_gmt":"2026-04-12T08:56:10","slug":"mongolia-self-drive-tour","status":"publish","type":"page","link":"https:\/\/explorer.company\/fr\/","title":{"rendered":"Circuit priv\u00e9 en Mongolie (avec chauffeur)"},"content":{"rendered":"<h2 class=\"wp-block-heading\">Explorer la Mongolie en priv\u00e9 | Nomadic Tours &amp; More<\/h2>\n\n\n\n<p>Suivre <a href=\"https:\/\/explorer.company\/fr\/\">Explorateur<\/a>. Fiers partenaires de <a href=\"https:\/\/avis-mongolia.com\/\" target=\"_blank\" rel=\"noopener\">AVIS<\/a><\/p>","protected":false},"excerpt":{"rendered":"<p>Pr\u00eat \u00e0 tracer votre propre chemin \u00e0 travers les paysages sauvages de la Mongolie ? Nos circuits en autotour en Mongolie vous mettent \u00e0 la place du conducteur, litt\u00e9ralement. Avec des v\u00e9hicules 4\u00d74 pr\u00e9par\u00e9s par des experts, des itin\u00e9raires d\u00e9taill\u00e9s et une assistance locale, Explorer Company vous aide \u00e0 d\u00e9couvrir la beaut\u00e9 brute de la Mongolie et son riche h\u00e9ritage nomade \u00e0 votre propre rythme.<\/p>","protected":false},"author":1,"featured_media":84,"parent":0,"menu_order":0,"comment_status":"closed","ping_status":"closed","template":"","meta":{"_acf_changed":false,"footnotes":""},"class_list":["post-17","page","type-page","status-publish","has-post-thumbnail","hentry"],"acf":[],"_links":{"self":[{"href":"https:\/\/explorer.company\/fr\/wp-json\/wp\/v2\/pages\/17","targetHints":{"allow":["GET"]}}],"collection":[{"href":"https:\/\/explorer.company\/fr\/wp-json\/wp\/v2\/pages"}],"about":[{"href":"https:\/\/explorer.company\/fr\/wp-json\/wp\/v2\/types\/page"}],"author":[{"embeddable":true,"href":"https:\/\/explorer.company\/fr\/wp-json\/wp\/v2\/users\/1"}],"replies":[{"embeddable":true,"href":"https:\/\/explorer.company\/fr\/wp-json\/wp\/v2\/comments?post=17"}],"version-history":[{"count":100,"href":"https:\/\/explorer.company\/fr\/wp-json\/wp\/v2\/pages\/17\/revisions"}],"predecessor-version":[{"id":3276,"href":"https:\/\/explorer.company\/fr\/wp-json\/wp\/v2\/pages\/17\/revisions\/3276"}],"wp:featuredmedia":[{"embeddable":true,"href":"https:\/\/explorer.company\/fr\/wp-json\/wp\/v2\/media\/84"}],"wp:attachment":[{"href":"https:\/\/explorer.company\/fr\/wp-json\/wp\/v2\/media?parent=17"}],"curies":[{"name":"wp","href":"https:\/\/api.w.org\/{rel}","templated":true}]}}