{"id":3239,"date":"2026-04-12T00:05:19","date_gmt":"2026-04-11T16:05:19","guid":{"rendered":"https:\/\/explorer.company\/?page_id=3239"},"modified":"2026-04-12T17:11:43","modified_gmt":"2026-04-12T09:11:43","slug":"dein-privates-ger-lager","status":"publish","type":"page","link":"https:\/\/explorer.company\/de\/dein-privates-ger-lager\/","title":{"rendered":"Your private ger camp with a view"},"content":{"rendered":"<h2 class=\"wp-block-heading\">Die Mongolei privat erkunden | Nomadentouren &amp; mehr<\/h2>\n\n\n\n<p>Folgen Sie <a href=\"https:\/\/explorer.company\/de\/\">Entdecker<\/a>. Stolze Partner mit <a href=\"https:\/\/avis-mongolia.com\/\" target=\"_blank\" rel=\"noopener\">AVIS<\/a><\/p>","protected":false},"excerpt":{"rendered":"<p>Sind Sie bereit, Ihren eigenen Weg durch die wilden Landschaften der Mongolei zu gehen? Auf unseren Mongolei-Selbstfahrer-Touren sitzen Sie im wahrsten Sinne des Wortes auf dem Fahrersitz. Mit fachm\u00e4nnisch vorbereiteten 4\u00d74-Fahrzeugen, detaillierten Routen und lokaler Unterst\u00fctzung hilft Explorer Company Ihnen, die raue Sch\u00f6nheit der Mongolei und das reiche nomadische Erbe in Ihrem eigenen Tempo zu erleben.<\/p>","protected":false},"author":5,"featured_media":1484,"parent":0,"menu_order":0,"comment_status":"closed","ping_status":"closed","template":"","meta":{"_acf_changed":false,"footnotes":""},"class_list":["post-3239","page","type-page","status-publish","has-post-thumbnail","hentry"],"acf":[],"_links":{"self":[{"href":"https:\/\/explorer.company\/de\/wp-json\/wp\/v2\/pages\/3239","targetHints":{"allow":["GET"]}}],"collection":[{"href":"https:\/\/explorer.company\/de\/wp-json\/wp\/v2\/pages"}],"about":[{"href":"https:\/\/explorer.company\/de\/wp-json\/wp\/v2\/types\/page"}],"author":[{"embeddable":true,"href":"https:\/\/explorer.company\/de\/wp-json\/wp\/v2\/users\/5"}],"replies":[{"embeddable":true,"href":"https:\/\/explorer.company\/de\/wp-json\/wp\/v2\/comments?post=3239"}],"version-history":[{"count":22,"href":"https:\/\/explorer.company\/de\/wp-json\/wp\/v2\/pages\/3239\/revisions"}],"predecessor-version":[{"id":3278,"href":"https:\/\/explorer.company\/de\/wp-json\/wp\/v2\/pages\/3239\/revisions\/3278"}],"wp:featuredmedia":[{"embeddable":true,"href":"https:\/\/explorer.company\/de\/wp-json\/wp\/v2\/media\/1484"}],"wp:attachment":[{"href":"https:\/\/explorer.company\/de\/wp-json\/wp\/v2\/media?parent=3239"}],"curies":[{"name":"wp","href":"https:\/\/api.w.org\/{rel}","templated":true}]}}